{"id":16544,"date":"2025-02-26T14:53:52","date_gmt":"2025-02-26T14:53:52","guid":{"rendered":"https:\/\/freunde-auf-4pfoten.de\/?page_id=16544"},"modified":"2025-06-10T14:51:58","modified_gmt":"2025-06-10T14:51:58","slug":"einzeltraining","status":"publish","type":"page","link":"https:\/\/freunde-auf-4pfoten.de\/en\/einzeltraining\/","title":{"rendered":"Individual training"},"content":{"rendered":"<div data-elementor-type=\"wp-page\" data-elementor-id=\"16544\" class=\"elementor elementor-16544\">\n\t\t\t\t\t\t<section class=\"elementor-section elementor-top-section elementor-element elementor-element-74b810c elementor-section-boxed elementor-section-height-default elementor-section-height-default\" data-id=\"74b810c\" data-element_type=\"section\">\n\t\t\t\t\t\t<div class=\"elementor-container elementor-column-gap-default\">\n\t\t\t\t\t<div class=\"elementor-column elementor-col-100 elementor-top-column elementor-element elementor-element-0956880\" data-id=\"0956880\" data-element_type=\"column\">\n\t\t\t<div class=\"elementor-widget-wrap\">\n\t\t\t\t\t\t\t<\/div>\n\t\t<\/div>\n\t\t\t\t\t<\/div>\n\t\t<\/section>\n\t\t\t\t<section class=\"elementor-section elementor-top-section elementor-element elementor-element-f6649ef elementor-section-boxed elementor-section-height-default elementor-section-height-default\" data-id=\"f6649ef\" data-element_type=\"section\">\n\t\t\t\t\t\t<div class=\"elementor-container elementor-column-gap-default\">\n\t\t\t\t\t<div class=\"elementor-column elementor-col-33 elementor-top-column elementor-element elementor-element-a8dc725\" data-id=\"a8dc725\" data-element_type=\"column\">\n\t\t\t<div class=\"elementor-widget-wrap elementor-element-populated\">\n\t\t\t\t\t\t<div class=\"elementor-element elementor-element-a576ccf elementor-widget elementor-widget-text-editor\" data-id=\"a576ccf\" data-element_type=\"widget\" data-widget_type=\"text-editor.default\">\n\t\t\t\t<div class=\"elementor-widget-container\">\n\t\t\t\t\t\t\t\t\t<p>Dog training in individual training sessions is a very effective method for tackling specific behavioural problems or working specifically on your and your dog's skills.<\/p><p>In our individual training sessions, we first analyse the initial situation and you receive instructions and support that are tailored to your dog's needs and your own goals and wishes.\u00a0<\/p><p>Our one-to-one lessons offer you the advantage that our trainer can concentrate fully on you and your dog, which often leads to faster progress. You can also work with us in a quiet environment, without distractions from other dogs or people.\u00a0<\/p><p>We come to your home, meet at selected locations and are also happy to offer you individual online and telephone lessons.<span class=\"Apple-converted-space\">\u00a0<\/span><\/p>\t\t\t\t\t\t\t\t<\/div>\n\t\t\t\t<\/div>\n\t\t\t\t<div class=\"elementor-element elementor-element-a6e0dd5 elementor-widget elementor-widget-lte-button\" data-id=\"a6e0dd5\" data-element_type=\"widget\" data-widget_type=\"lte-button.default\">\n\t\t\t\t<div class=\"elementor-widget-container\">\n\t\t\t\t\t<div class=\"lte-btn-wrap\">\r\n\t<a href=\"\/en\/buchen\/\"  class=\"lte-btn btn-lg color-hover-default\"><span class=\"lte-btn-inner\"><span class=\"lte-btn-before\"><\/span>Book your place<span class=\"lte-btn-after\"><\/span><\/span><\/a><\/div>\t\t\t\t<\/div>\n\t\t\t\t<\/div>\n\t\t\t\t\t<\/div>\n\t\t<\/div>\n\t\t\t\t<div class=\"elementor-column elementor-col-66 elementor-top-column elementor-element elementor-element-5aa114d\" data-id=\"5aa114d\" data-element_type=\"column\">\n\t\t\t<div class=\"elementor-widget-wrap elementor-element-populated\">\n\t\t\t\t\t\t<div class=\"elementor-element elementor-element-91b8f50 elementor-widget elementor-widget-image\" data-id=\"91b8f50\" data-element_type=\"widget\" data-widget_type=\"image.default\">\n\t\t\t\t<div class=\"elementor-widget-container\">\n\t\t\t\t\t\t\t\t\t\t\t\t\t\t\t<img fetchpriority=\"high\" decoding=\"async\" width=\"1024\" height=\"771\" src=\"https:\/\/freunde-auf-4pfoten.de\/wp-content\/uploads\/2025\/02\/moriel44_one_on_one_training_with_professional_trainer_and_a__34bcd025-8763-42a9-b11c-dcb0236be5ca_2-1024x771.png\" class=\"attachment-large size-large wp-image-16546\" alt=\"\" srcset=\"https:\/\/freunde-auf-4pfoten.de\/wp-content\/uploads\/2025\/02\/moriel44_one_on_one_training_with_professional_trainer_and_a__34bcd025-8763-42a9-b11c-dcb0236be5ca_2-1024x771.png 1024w, https:\/\/freunde-auf-4pfoten.de\/wp-content\/uploads\/2025\/02\/moriel44_one_on_one_training_with_professional_trainer_and_a__34bcd025-8763-42a9-b11c-dcb0236be5ca_2-300x226.png 300w, https:\/\/freunde-auf-4pfoten.de\/wp-content\/uploads\/2025\/02\/moriel44_one_on_one_training_with_professional_trainer_and_a__34bcd025-8763-42a9-b11c-dcb0236be5ca_2-768x578.png 768w, https:\/\/freunde-auf-4pfoten.de\/wp-content\/uploads\/2025\/02\/moriel44_one_on_one_training_with_professional_trainer_and_a__34bcd025-8763-42a9-b11c-dcb0236be5ca_2-704x530.png 704w, https:\/\/freunde-auf-4pfoten.de\/wp-content\/uploads\/2025\/02\/moriel44_one_on_one_training_with_professional_trainer_and_a__34bcd025-8763-42a9-b11c-dcb0236be5ca_2-800x603.png 800w, https:\/\/freunde-auf-4pfoten.de\/wp-content\/uploads\/2025\/02\/moriel44_one_on_one_training_with_professional_trainer_and_a__34bcd025-8763-42a9-b11c-dcb0236be5ca_2-480x362.png 480w, https:\/\/freunde-auf-4pfoten.de\/wp-content\/uploads\/2025\/02\/moriel44_one_on_one_training_with_professional_trainer_and_a__34bcd025-8763-42a9-b11c-dcb0236be5ca_2-600x452.png 600w, https:\/\/freunde-auf-4pfoten.de\/wp-content\/uploads\/2025\/02\/moriel44_one_on_one_training_with_professional_trainer_and_a__34bcd025-8763-42a9-b11c-dcb0236be5ca_2.png 1232w\" sizes=\"(max-width: 1024px) 100vw, 1024px\" \/>\t\t\t\t\t\t\t\t\t\t\t\t\t\t\t<\/div>\n\t\t\t\t<\/div>\n\t\t\t\t\t<\/div>\n\t\t<\/div>\n\t\t\t\t\t<\/div>\n\t\t<\/section>\n\t\t\t\t<section class=\"elementor-section elementor-top-section elementor-element elementor-element-701f653 elementor-section-boxed elementor-section-height-default elementor-section-height-default\" data-id=\"701f653\" data-element_type=\"section\">\n\t\t\t\t\t\t<div class=\"elementor-container elementor-column-gap-default\">\n\t\t\t\t\t<div class=\"elementor-column elementor-col-100 elementor-top-column elementor-element elementor-element-679a3fb\" data-id=\"679a3fb\" data-element_type=\"column\">\n\t\t\t<div class=\"elementor-widget-wrap elementor-element-populated\">\n\t\t\t\t\t\t<div class=\"elementor-element elementor-element-46ee725 elementor-widget elementor-widget-lte-effects\" data-id=\"46ee725\" data-element_type=\"widget\" data-widget_type=\"lte-effects.default\">\n\t\t\t\t<div class=\"elementor-widget-container\">\n\t\t\t\t\t<div class=\"lte-dots-animated\"><span class=\"lte-wc-dots-wrapper\"><\/span><\/div>\t\t\t\t<\/div>\n\t\t\t\t<\/div>\n\t\t\t\t\t<\/div>\n\t\t<\/div>\n\t\t\t\t\t<\/div>\n\t\t<\/section>\n\t\t\t\t<\/div>","protected":false},"excerpt":{"rendered":"<p>Hundetraining in Einzelstunden ist u.a. eine sehr effektive Methode, um spezifische Verhaltensprobleme anzugehen oder gezielt an Deinen und den F\u00e4higkeiten Deines Hundes zu arbeiten. In unseren individuellen Sitzungen analysieren wir zun\u00e4chst die Ausgangslage und Du erh\u00e4ltst Anleitungen und Unterst\u00fctzung, die auf die Bed\u00fcrfnisse Deines Hundes und Deine eigenen Ziele und W\u00fcnsche abgestimmt sind.\u00a0 Unsere Einzelstunden [&hellip;]<\/p>","protected":false},"author":1,"featured_media":16546,"parent":0,"menu_order":0,"comment_status":"closed","ping_status":"closed","template":"","meta":{"footnotes":""},"class_list":["post-16544","page","type-page","status-publish","has-post-thumbnail","hentry"],"_links":{"self":[{"href":"https:\/\/freunde-auf-4pfoten.de\/en\/wp-json\/wp\/v2\/pages\/16544","targetHints":{"allow":["GET"]}}],"collection":[{"href":"https:\/\/freunde-auf-4pfoten.de\/en\/wp-json\/wp\/v2\/pages"}],"about":[{"href":"https:\/\/freunde-auf-4pfoten.de\/en\/wp-json\/wp\/v2\/types\/page"}],"author":[{"embeddable":true,"href":"https:\/\/freunde-auf-4pfoten.de\/en\/wp-json\/wp\/v2\/users\/1"}],"replies":[{"embeddable":true,"href":"https:\/\/freunde-auf-4pfoten.de\/en\/wp-json\/wp\/v2\/comments?post=16544"}],"version-history":[{"count":10,"href":"https:\/\/freunde-auf-4pfoten.de\/en\/wp-json\/wp\/v2\/pages\/16544\/revisions"}],"predecessor-version":[{"id":16881,"href":"https:\/\/freunde-auf-4pfoten.de\/en\/wp-json\/wp\/v2\/pages\/16544\/revisions\/16881"}],"wp:featuredmedia":[{"embeddable":true,"href":"https:\/\/freunde-auf-4pfoten.de\/en\/wp-json\/wp\/v2\/media\/16546"}],"wp:attachment":[{"href":"https:\/\/freunde-auf-4pfoten.de\/en\/wp-json\/wp\/v2\/media?parent=16544"}],"curies":[{"name":"wp","href":"https:\/\/api.w.org\/{rel}","templated":true}]}}